{"id":179,"date":"2022-05-31T17:02:53","date_gmt":"2022-05-31T15:02:53","guid":{"rendered":"https:\/\/oree-des-vignes.ms.decms.eu\/actualites\/degustation-fromagerie-delin\/"},"modified":"2022-09-19T15:21:39","modified_gmt":"2022-09-19T13:21:39","slug":"degustation-fromagerie-delin","status":"publish","type":"page","link":"https:\/\/www.oreedesvignes.com\/en\/news\/degustation-fromagerie-delin\/","title":{"rendered":"Fromagerie Delin"},"content":{"rendered":"<p>Cheese lovers, gourmets and all those who want to discover our beautiful gastronomic heritage, <strong>go to the Delin cheese dairy, a true gourmet temple of cheese and local products from our region.<\/strong><\/p>\n<p>Located in Gilly-l\u00e8s-C\u00eeteaux next to the hotel, this family-run cheese dairy produces a full range of regional cheeses (Brillat-Savarin, Morbier, Tome, etc.), fromage frais and fromage blanc.<\/p>\n<p><strong>Don&#8217;t miss their Brillat-Savarin IGP and their Cr\u00e9meux de Bourgogne with truffles! As a hotel guest, you will receive a 10% discount.<\/strong><\/p>\n<p>Fromagerie Delin ZAC de la Petite Champagne, 1 Rue de C\u00eeteaux, 21640 Gilly-l\u00e8s-C\u00eeteaux<br \/>\nMonday-Tuesday 9am-12.30pm; 1.30pm-7pm<br \/>\nWednesday-Thursday-Friday- 9am-7pm<br \/>\nSaturday 08h30-12h30<\/p>\n","protected":false},"excerpt":{"rendered":"<p>Cheese lovers, gourmets and all those who want to discover our beautiful gastronomic heritage, go to the Delin cheese dairy, a true gourmet temple of cheese and local products from our region. Located in Gilly-l\u00e8s-C\u00eeteaux next to the hotel, this family-run cheese dairy produces a full range of regional cheeses (Brillat-Savarin, Morbier, Tome, etc.), fromage [&hellip;]<\/p>\n","protected":false},"author":5,"featured_media":0,"parent":176,"menu_order":1,"comment_status":"closed","ping_status":"closed","template":"template-default-4.php","meta":{"footnotes":""},"class_list":["post-179","page","type-page","status-publish","hentry"],"yoast_head":"<!-- This site is optimized with the Yoast SEO plugin v26.9 - https:\/\/yoast.com\/product\/yoast-seo-wordpress\/ -->\n<title>Fromagerie Delin - Or\u00e9e des Vignes<\/title>\n<meta name=\"robots\" content=\"index, follow, max-snippet:-1, max-image-preview:large, max-video-preview:-1\" \/>\n<link rel=\"canonical\" href=\"https:\/\/www.oreedesvignes.com\/en\/news\/degustation-fromagerie-delin\/\" \/>\n<meta property=\"og:locale\" content=\"en_US\" \/>\n<meta property=\"og:type\" content=\"article\" \/>\n<meta property=\"og:title\" content=\"Fromagerie Delin - Or\u00e9e des Vignes\" \/>\n<meta property=\"og:description\" content=\"Cheese lovers, gourmets and all those who want to discover our beautiful gastronomic heritage, go to the Delin cheese dairy, a true gourmet temple of cheese and local products from our region. Located in Gilly-l\u00e8s-C\u00eeteaux next to the hotel, this family-run cheese dairy produces a full range of regional cheeses (Brillat-Savarin, Morbier, Tome, etc.), fromage [&hellip;]\" \/>\n<meta property=\"og:url\" content=\"https:\/\/www.oreedesvignes.com\/en\/news\/degustation-fromagerie-delin\/\" \/>\n<meta property=\"og:site_name\" content=\"Or\u00e9e des Vignes\" \/>\n<meta property=\"article:modified_time\" content=\"2022-09-19T13:21:39+00:00\" \/>\n<meta name=\"twitter:card\" content=\"summary_large_image\" \/>\n<meta name=\"twitter:label1\" content=\"Est. reading time\" \/>\n\t<meta name=\"twitter:data1\" content=\"1 minute\" \/>\n<script type=\"application\/ld+json\" class=\"yoast-schema-graph\">{\"@context\":\"https:\/\/schema.org\",\"@graph\":[{\"@type\":\"WebPage\",\"@id\":\"https:\/\/www.oreedesvignes.com\/en\/news\/degustation-fromagerie-delin\/\",\"url\":\"https:\/\/www.oreedesvignes.com\/en\/news\/degustation-fromagerie-delin\/\",\"name\":\"Fromagerie Delin - Or\u00e9e des Vignes\",\"isPartOf\":{\"@id\":\"https:\/\/www.oreedesvignes.com\/en\/#website\"},\"datePublished\":\"2022-05-31T15:02:53+00:00\",\"dateModified\":\"2022-09-19T13:21:39+00:00\",\"breadcrumb\":{\"@id\":\"https:\/\/www.oreedesvignes.com\/en\/news\/degustation-fromagerie-delin\/#breadcrumb\"},\"inLanguage\":\"en-US\",\"potentialAction\":[{\"@type\":\"ReadAction\",\"target\":[\"https:\/\/www.oreedesvignes.com\/en\/news\/degustation-fromagerie-delin\/\"]}]},{\"@type\":\"BreadcrumbList\",\"@id\":\"https:\/\/www.oreedesvignes.com\/en\/news\/degustation-fromagerie-delin\/#breadcrumb\",\"itemListElement\":[{\"@type\":\"ListItem\",\"position\":1,\"name\":\"Accueil\",\"item\":\"https:\/\/www.oreedesvignes.com\/en\/\"},{\"@type\":\"ListItem\",\"position\":2,\"name\":\"News\",\"item\":\"https:\/\/www.oreedesvignes.com\/en\/news\/\"},{\"@type\":\"ListItem\",\"position\":3,\"name\":\"Fromagerie Delin\"}]},{\"@type\":\"WebSite\",\"@id\":\"https:\/\/www.oreedesvignes.com\/en\/#website\",\"url\":\"https:\/\/www.oreedesvignes.com\/en\/\",\"name\":\"Or\u00e9e des Vignes\",\"description\":\"Un site utilisant ms.decms.eu\",\"potentialAction\":[{\"@type\":\"SearchAction\",\"target\":{\"@type\":\"EntryPoint\",\"urlTemplate\":\"https:\/\/www.oreedesvignes.com\/en\/?s={search_term_string}\"},\"query-input\":{\"@type\":\"PropertyValueSpecification\",\"valueRequired\":true,\"valueName\":\"search_term_string\"}}],\"inLanguage\":\"en-US\"}]}<\/script>\n<!-- \/ Yoast SEO plugin. -->","yoast_head_json":{"title":"Fromagerie Delin - Or\u00e9e des Vignes","robots":{"index":"index","follow":"follow","max-snippet":"max-snippet:-1","max-image-preview":"max-image-preview:large","max-video-preview":"max-video-preview:-1"},"canonical":"https:\/\/www.oreedesvignes.com\/en\/news\/degustation-fromagerie-delin\/","og_locale":"en_US","og_type":"article","og_title":"Fromagerie Delin - Or\u00e9e des Vignes","og_description":"Cheese lovers, gourmets and all those who want to discover our beautiful gastronomic heritage, go to the Delin cheese dairy, a true gourmet temple of cheese and local products from our region. Located in Gilly-l\u00e8s-C\u00eeteaux next to the hotel, this family-run cheese dairy produces a full range of regional cheeses (Brillat-Savarin, Morbier, Tome, etc.), fromage [&hellip;]","og_url":"https:\/\/www.oreedesvignes.com\/en\/news\/degustation-fromagerie-delin\/","og_site_name":"Or\u00e9e des Vignes","article_modified_time":"2022-09-19T13:21:39+00:00","twitter_card":"summary_large_image","twitter_misc":{"Est. reading time":"1 minute"},"schema":{"@context":"https:\/\/schema.org","@graph":[{"@type":"WebPage","@id":"https:\/\/www.oreedesvignes.com\/en\/news\/degustation-fromagerie-delin\/","url":"https:\/\/www.oreedesvignes.com\/en\/news\/degustation-fromagerie-delin\/","name":"Fromagerie Delin - Or\u00e9e des Vignes","isPartOf":{"@id":"https:\/\/www.oreedesvignes.com\/en\/#website"},"datePublished":"2022-05-31T15:02:53+00:00","dateModified":"2022-09-19T13:21:39+00:00","breadcrumb":{"@id":"https:\/\/www.oreedesvignes.com\/en\/news\/degustation-fromagerie-delin\/#breadcrumb"},"inLanguage":"en-US","potentialAction":[{"@type":"ReadAction","target":["https:\/\/www.oreedesvignes.com\/en\/news\/degustation-fromagerie-delin\/"]}]},{"@type":"BreadcrumbList","@id":"https:\/\/www.oreedesvignes.com\/en\/news\/degustation-fromagerie-delin\/#breadcrumb","itemListElement":[{"@type":"ListItem","position":1,"name":"Accueil","item":"https:\/\/www.oreedesvignes.com\/en\/"},{"@type":"ListItem","position":2,"name":"News","item":"https:\/\/www.oreedesvignes.com\/en\/news\/"},{"@type":"ListItem","position":3,"name":"Fromagerie Delin"}]},{"@type":"WebSite","@id":"https:\/\/www.oreedesvignes.com\/en\/#website","url":"https:\/\/www.oreedesvignes.com\/en\/","name":"Or\u00e9e des Vignes","description":"Un site utilisant ms.decms.eu","potentialAction":[{"@type":"SearchAction","target":{"@type":"EntryPoint","urlTemplate":"https:\/\/www.oreedesvignes.com\/en\/?s={search_term_string}"},"query-input":{"@type":"PropertyValueSpecification","valueRequired":true,"valueName":"search_term_string"}}],"inLanguage":"en-US"}]}},"acf":[],"_links":{"self":[{"href":"https:\/\/www.oreedesvignes.com\/en\/wp-json\/wp\/v2\/pages\/179","targetHints":{"allow":["GET"]}}],"collection":[{"href":"https:\/\/www.oreedesvignes.com\/en\/wp-json\/wp\/v2\/pages"}],"about":[{"href":"https:\/\/www.oreedesvignes.com\/en\/wp-json\/wp\/v2\/types\/page"}],"author":[{"embeddable":true,"href":"https:\/\/www.oreedesvignes.com\/en\/wp-json\/wp\/v2\/users\/5"}],"replies":[{"embeddable":true,"href":"https:\/\/www.oreedesvignes.com\/en\/wp-json\/wp\/v2\/comments?post=179"}],"version-history":[{"count":0,"href":"https:\/\/www.oreedesvignes.com\/en\/wp-json\/wp\/v2\/pages\/179\/revisions"}],"up":[{"embeddable":true,"href":"https:\/\/www.oreedesvignes.com\/en\/wp-json\/wp\/v2\/pages\/176"}],"wp:attachment":[{"href":"https:\/\/www.oreedesvignes.com\/en\/wp-json\/wp\/v2\/media?parent=179"}],"curies":[{"name":"wp","href":"https:\/\/api.w.org\/{rel}","templated":true}]}}