{"id":191,"date":"2022-04-20T19:01:08","date_gmt":"2022-04-20T17:01:08","guid":{"rendered":"https:\/\/oree-des-vignes.ms.decms.eu\/bienvenue-a-loree-des-vignes\/"},"modified":"2025-02-13T11:41:32","modified_gmt":"2025-02-13T10:41:32","slug":"bienvenue-a-loree-des-vignes","status":"publish","type":"page","link":"https:\/\/www.oreedesvignes.com\/en\/","title":{"rendered":"L&#8217;Or\u00e9e des Vignes ***"},"content":{"rendered":"<p>L&#8217;Or\u00e9e des Vignes, a charming hotel in the heart of the Burgundian grands crus.<\/p>\n<p>Our delightful hotel is located in the heart of the greatest appellations of the C\u00f4te de Nuits: Gevrey-Chambertin, Morey-Saint-Denis, Chambolle-Musigny, Clos Vougeot, Vosne-Roman\u00e9e, Nuits-Saint-Georges&#8230;in Gilly-l\u00e8s-C\u00eeteaux.<\/p>\n<p>This former 16th century farm has been renovated to offer 26 air-conditioned rooms in a green and relaxing setting thanks to its patio with vines and its garden, the bistro with local products and a wine tasting cellar; all just a stone&#8217;s throw from the Ch\u00e2teau du Clos de Vougeot, 10 minutes from Nuits-Saint-Georges and 30 minutes from Beaune and Dijon.<\/p>\n<p>Combining the cachet of the old with contemporary decoration, our hotel is a warm and friendly place to stay for your romantic getaways, your weekends and holidays with family and friends or your business stays.<\/p>\n<p>In terms of dining, Jean-Alain Poitevin, chef of the Bistrot de l&#8217;O and tireless ambassador of our C\u00f4te d&#8217;Orien region, is passionate about offering local, seasonal and gourmet cuisine! This cuisine is accompanied by a wide selection of wines: grands crus, premiers crus and exceptional bottles for your pleasure.<\/p>\n","protected":false},"excerpt":{"rendered":"<p>L&#8217;Or\u00e9e des Vignes, a charming hotel in the heart of the Burgundian grands crus. Our delightful hotel is located in the heart of the greatest appellations of the C\u00f4te de Nuits: Gevrey-Chambertin, Morey-Saint-Denis, Chambolle-Musigny, Clos Vougeot, Vosne-Roman\u00e9e, Nuits-Saint-Georges&#8230;in Gilly-l\u00e8s-C\u00eeteaux. This former 16th century farm has been renovated to offer 26 air-conditioned rooms in a green [&hellip;]<\/p>\n","protected":false},"author":5,"featured_media":0,"parent":0,"menu_order":0,"comment_status":"closed","ping_status":"closed","template":"","meta":{"footnotes":""},"class_list":["post-191","page","type-page","status-publish","hentry"],"yoast_head":"<!-- This site is optimized with the Yoast SEO plugin v26.9 - https:\/\/yoast.com\/product\/yoast-seo-wordpress\/ -->\n<title>L&#039;Or\u00e9e des Vignes *** - Or\u00e9e des Vignes<\/title>\n<meta name=\"robots\" content=\"index, follow, max-snippet:-1, max-image-preview:large, max-video-preview:-1\" \/>\n<link rel=\"canonical\" href=\"https:\/\/www.oreedesvignes.com\/en\/\" \/>\n<meta property=\"og:locale\" content=\"en_US\" \/>\n<meta property=\"og:type\" content=\"article\" \/>\n<meta property=\"og:title\" content=\"L&#039;Or\u00e9e des Vignes *** - Or\u00e9e des Vignes\" \/>\n<meta property=\"og:description\" content=\"L&#8217;Or\u00e9e des Vignes, a charming hotel in the heart of the Burgundian grands crus. Our delightful hotel is located in the heart of the greatest appellations of the C\u00f4te de Nuits: Gevrey-Chambertin, Morey-Saint-Denis, Chambolle-Musigny, Clos Vougeot, Vosne-Roman\u00e9e, Nuits-Saint-Georges&#8230;in Gilly-l\u00e8s-C\u00eeteaux. This former 16th century farm has been renovated to offer 26 air-conditioned rooms in a green [&hellip;]\" \/>\n<meta property=\"og:url\" content=\"https:\/\/www.oreedesvignes.com\/en\/\" \/>\n<meta property=\"og:site_name\" content=\"Or\u00e9e des Vignes\" \/>\n<meta property=\"article:modified_time\" content=\"2025-02-13T10:41:32+00:00\" \/>\n<meta name=\"twitter:card\" content=\"summary_large_image\" \/>\n<meta name=\"twitter:label1\" content=\"Est. reading time\" \/>\n\t<meta name=\"twitter:data1\" content=\"2 minutes\" \/>\n<script type=\"application\/ld+json\" class=\"yoast-schema-graph\">{\"@context\":\"https:\/\/schema.org\",\"@graph\":[{\"@type\":\"WebPage\",\"@id\":\"https:\/\/www.oreedesvignes.com\/en\/\",\"url\":\"https:\/\/www.oreedesvignes.com\/en\/\",\"name\":\"L'Or\u00e9e des Vignes *** - Or\u00e9e des Vignes\",\"isPartOf\":{\"@id\":\"https:\/\/www.oreedesvignes.com\/en\/#website\"},\"datePublished\":\"2022-04-20T17:01:08+00:00\",\"dateModified\":\"2025-02-13T10:41:32+00:00\",\"breadcrumb\":{\"@id\":\"https:\/\/www.oreedesvignes.com\/en\/#breadcrumb\"},\"inLanguage\":\"en-US\",\"potentialAction\":[{\"@type\":\"ReadAction\",\"target\":[\"https:\/\/www.oreedesvignes.com\/en\/\"]}]},{\"@type\":\"BreadcrumbList\",\"@id\":\"https:\/\/www.oreedesvignes.com\/en\/#breadcrumb\",\"itemListElement\":[{\"@type\":\"ListItem\",\"position\":1,\"name\":\"Accueil\",\"item\":\"https:\/\/www.oreedesvignes.com\/en\/\"},{\"@type\":\"ListItem\",\"position\":2,\"name\":\"L&rsquo;Or\u00e9e des Vignes ***\"}]},{\"@type\":\"WebSite\",\"@id\":\"https:\/\/www.oreedesvignes.com\/en\/#website\",\"url\":\"https:\/\/www.oreedesvignes.com\/en\/\",\"name\":\"Or\u00e9e des Vignes\",\"description\":\"Un site utilisant ms.decms.eu\",\"potentialAction\":[{\"@type\":\"SearchAction\",\"target\":{\"@type\":\"EntryPoint\",\"urlTemplate\":\"https:\/\/www.oreedesvignes.com\/en\/?s={search_term_string}\"},\"query-input\":{\"@type\":\"PropertyValueSpecification\",\"valueRequired\":true,\"valueName\":\"search_term_string\"}}],\"inLanguage\":\"en-US\"}]}<\/script>\n<!-- \/ Yoast SEO plugin. -->","yoast_head_json":{"title":"L'Or\u00e9e des Vignes *** - Or\u00e9e des Vignes","robots":{"index":"index","follow":"follow","max-snippet":"max-snippet:-1","max-image-preview":"max-image-preview:large","max-video-preview":"max-video-preview:-1"},"canonical":"https:\/\/www.oreedesvignes.com\/en\/","og_locale":"en_US","og_type":"article","og_title":"L'Or\u00e9e des Vignes *** - Or\u00e9e des Vignes","og_description":"L&#8217;Or\u00e9e des Vignes, a charming hotel in the heart of the Burgundian grands crus. Our delightful hotel is located in the heart of the greatest appellations of the C\u00f4te de Nuits: Gevrey-Chambertin, Morey-Saint-Denis, Chambolle-Musigny, Clos Vougeot, Vosne-Roman\u00e9e, Nuits-Saint-Georges&#8230;in Gilly-l\u00e8s-C\u00eeteaux. This former 16th century farm has been renovated to offer 26 air-conditioned rooms in a green [&hellip;]","og_url":"https:\/\/www.oreedesvignes.com\/en\/","og_site_name":"Or\u00e9e des Vignes","article_modified_time":"2025-02-13T10:41:32+00:00","twitter_card":"summary_large_image","twitter_misc":{"Est. reading time":"2 minutes"},"schema":{"@context":"https:\/\/schema.org","@graph":[{"@type":"WebPage","@id":"https:\/\/www.oreedesvignes.com\/en\/","url":"https:\/\/www.oreedesvignes.com\/en\/","name":"L'Or\u00e9e des Vignes *** - Or\u00e9e des Vignes","isPartOf":{"@id":"https:\/\/www.oreedesvignes.com\/en\/#website"},"datePublished":"2022-04-20T17:01:08+00:00","dateModified":"2025-02-13T10:41:32+00:00","breadcrumb":{"@id":"https:\/\/www.oreedesvignes.com\/en\/#breadcrumb"},"inLanguage":"en-US","potentialAction":[{"@type":"ReadAction","target":["https:\/\/www.oreedesvignes.com\/en\/"]}]},{"@type":"BreadcrumbList","@id":"https:\/\/www.oreedesvignes.com\/en\/#breadcrumb","itemListElement":[{"@type":"ListItem","position":1,"name":"Accueil","item":"https:\/\/www.oreedesvignes.com\/en\/"},{"@type":"ListItem","position":2,"name":"L&rsquo;Or\u00e9e des Vignes ***"}]},{"@type":"WebSite","@id":"https:\/\/www.oreedesvignes.com\/en\/#website","url":"https:\/\/www.oreedesvignes.com\/en\/","name":"Or\u00e9e des Vignes","description":"Un site utilisant ms.decms.eu","potentialAction":[{"@type":"SearchAction","target":{"@type":"EntryPoint","urlTemplate":"https:\/\/www.oreedesvignes.com\/en\/?s={search_term_string}"},"query-input":{"@type":"PropertyValueSpecification","valueRequired":true,"valueName":"search_term_string"}}],"inLanguage":"en-US"}]}},"acf":[],"_links":{"self":[{"href":"https:\/\/www.oreedesvignes.com\/en\/wp-json\/wp\/v2\/pages\/191","targetHints":{"allow":["GET"]}}],"collection":[{"href":"https:\/\/www.oreedesvignes.com\/en\/wp-json\/wp\/v2\/pages"}],"about":[{"href":"https:\/\/www.oreedesvignes.com\/en\/wp-json\/wp\/v2\/types\/page"}],"author":[{"embeddable":true,"href":"https:\/\/www.oreedesvignes.com\/en\/wp-json\/wp\/v2\/users\/5"}],"replies":[{"embeddable":true,"href":"https:\/\/www.oreedesvignes.com\/en\/wp-json\/wp\/v2\/comments?post=191"}],"version-history":[{"count":0,"href":"https:\/\/www.oreedesvignes.com\/en\/wp-json\/wp\/v2\/pages\/191\/revisions"}],"wp:attachment":[{"href":"https:\/\/www.oreedesvignes.com\/en\/wp-json\/wp\/v2\/media?parent=191"}],"curies":[{"name":"wp","href":"https:\/\/api.w.org\/{rel}","templated":true}]}}