{"id":192,"date":"2022-04-20T19:31:06","date_gmt":"2022-04-20T17:31:06","guid":{"rendered":"https:\/\/oree-des-vignes.ms.decms.eu\/localisation\/"},"modified":"2022-07-26T15:40:42","modified_gmt":"2022-07-26T13:40:42","slug":"localisation","status":"publish","type":"page","link":"https:\/\/www.oreedesvignes.com\/en\/localisation\/","title":{"rendered":"Localisation"},"content":{"rendered":"<p>Nestled in the heart of the C\u00f4te de Nuits, our hotel is located on the route des Grands Crus. So we are only a stone&#8217;s throw away from the greatest appellations: Gevrey-Chambertin, Morey-Saint-Denis, Chambolle-Musigny, Clos Vougeot, Vosne-Roman\u00e9e, Nuits-Saint- Georges.<\/p>\n<p>Gilly-l\u00e8s-C\u00eeteaux is a typical Burgundian village and is linked to the history of the monks of C\u00eeteaux (whose abbey is located 8 kilometres away).<\/p>\n<p>Several buildings bear witness to this: the Ch\u00e2teau de Gilly (former residence of the Abbots), the Grange de Saulx (built in the 13th century) and even our hotel (probably a former farm belonging to the C\u00eeteaux monks).<\/p>\n<p style=\"text-align: center;\">6 Route d&#8217;Epernay 21640 GILLY LES CITEAUX &#8211; 03 80 62 49 77 &#8211;\u00a0 <a href=\"mailto:info@oreedesvignes.com\">info@oreedesvignes.com<\/a><\/p>\n","protected":false},"excerpt":{"rendered":"<p>Nestled in the heart of the C\u00f4te de Nuits, our hotel is located on the route des Grands Crus. So we are only a stone&#8217;s throw away from the greatest appellations: Gevrey-Chambertin, Morey-Saint-Denis, Chambolle-Musigny, Clos Vougeot, Vosne-Roman\u00e9e, Nuits-Saint- Georges. Gilly-l\u00e8s-C\u00eeteaux is a typical Burgundian village and is linked to the history of the monks of [&hellip;]<\/p>\n","protected":false},"author":5,"featured_media":0,"parent":0,"menu_order":0,"comment_status":"closed","ping_status":"closed","template":"template-location.php","meta":{"footnotes":""},"class_list":["post-192","page","type-page","status-publish","hentry"],"yoast_head":"<!-- This site is optimized with the Yoast SEO plugin v26.9 - https:\/\/yoast.com\/product\/yoast-seo-wordpress\/ -->\n<title>Localisation - Or\u00e9e des Vignes<\/title>\n<meta name=\"robots\" content=\"index, follow, max-snippet:-1, max-image-preview:large, max-video-preview:-1\" \/>\n<link rel=\"canonical\" href=\"https:\/\/www.oreedesvignes.com\/en\/localisation\/\" \/>\n<meta property=\"og:locale\" content=\"en_US\" \/>\n<meta property=\"og:type\" content=\"article\" \/>\n<meta property=\"og:title\" content=\"Localisation - Or\u00e9e des Vignes\" \/>\n<meta property=\"og:description\" content=\"Nestled in the heart of the C\u00f4te de Nuits, our hotel is located on the route des Grands Crus. So we are only a stone&#8217;s throw away from the greatest appellations: Gevrey-Chambertin, Morey-Saint-Denis, Chambolle-Musigny, Clos Vougeot, Vosne-Roman\u00e9e, Nuits-Saint- Georges. Gilly-l\u00e8s-C\u00eeteaux is a typical Burgundian village and is linked to the history of the monks of [&hellip;]\" \/>\n<meta property=\"og:url\" content=\"https:\/\/www.oreedesvignes.com\/en\/localisation\/\" \/>\n<meta property=\"og:site_name\" content=\"Or\u00e9e des Vignes\" \/>\n<meta property=\"article:modified_time\" content=\"2022-07-26T13:40:42+00:00\" \/>\n<meta name=\"twitter:card\" content=\"summary_large_image\" \/>\n<meta name=\"twitter:label1\" content=\"Est. reading time\" \/>\n\t<meta name=\"twitter:data1\" content=\"1 minute\" \/>\n<script type=\"application\/ld+json\" class=\"yoast-schema-graph\">{\"@context\":\"https:\/\/schema.org\",\"@graph\":[{\"@type\":\"WebPage\",\"@id\":\"https:\/\/www.oreedesvignes.com\/en\/localisation\/\",\"url\":\"https:\/\/www.oreedesvignes.com\/en\/localisation\/\",\"name\":\"Localisation - Or\u00e9e des Vignes\",\"isPartOf\":{\"@id\":\"https:\/\/www.oreedesvignes.com\/en\/#website\"},\"datePublished\":\"2022-04-20T17:31:06+00:00\",\"dateModified\":\"2022-07-26T13:40:42+00:00\",\"breadcrumb\":{\"@id\":\"https:\/\/www.oreedesvignes.com\/en\/localisation\/#breadcrumb\"},\"inLanguage\":\"en-US\",\"potentialAction\":[{\"@type\":\"ReadAction\",\"target\":[\"https:\/\/www.oreedesvignes.com\/en\/localisation\/\"]}]},{\"@type\":\"BreadcrumbList\",\"@id\":\"https:\/\/www.oreedesvignes.com\/en\/localisation\/#breadcrumb\",\"itemListElement\":[{\"@type\":\"ListItem\",\"position\":1,\"name\":\"Accueil\",\"item\":\"https:\/\/www.oreedesvignes.com\/en\/\"},{\"@type\":\"ListItem\",\"position\":2,\"name\":\"Localisation\"}]},{\"@type\":\"WebSite\",\"@id\":\"https:\/\/www.oreedesvignes.com\/en\/#website\",\"url\":\"https:\/\/www.oreedesvignes.com\/en\/\",\"name\":\"Or\u00e9e des Vignes\",\"description\":\"Un site utilisant ms.decms.eu\",\"potentialAction\":[{\"@type\":\"SearchAction\",\"target\":{\"@type\":\"EntryPoint\",\"urlTemplate\":\"https:\/\/www.oreedesvignes.com\/en\/?s={search_term_string}\"},\"query-input\":{\"@type\":\"PropertyValueSpecification\",\"valueRequired\":true,\"valueName\":\"search_term_string\"}}],\"inLanguage\":\"en-US\"}]}<\/script>\n<!-- \/ Yoast SEO plugin. -->","yoast_head_json":{"title":"Localisation - Or\u00e9e des Vignes","robots":{"index":"index","follow":"follow","max-snippet":"max-snippet:-1","max-image-preview":"max-image-preview:large","max-video-preview":"max-video-preview:-1"},"canonical":"https:\/\/www.oreedesvignes.com\/en\/localisation\/","og_locale":"en_US","og_type":"article","og_title":"Localisation - Or\u00e9e des Vignes","og_description":"Nestled in the heart of the C\u00f4te de Nuits, our hotel is located on the route des Grands Crus. So we are only a stone&#8217;s throw away from the greatest appellations: Gevrey-Chambertin, Morey-Saint-Denis, Chambolle-Musigny, Clos Vougeot, Vosne-Roman\u00e9e, Nuits-Saint- Georges. Gilly-l\u00e8s-C\u00eeteaux is a typical Burgundian village and is linked to the history of the monks of [&hellip;]","og_url":"https:\/\/www.oreedesvignes.com\/en\/localisation\/","og_site_name":"Or\u00e9e des Vignes","article_modified_time":"2022-07-26T13:40:42+00:00","twitter_card":"summary_large_image","twitter_misc":{"Est. reading time":"1 minute"},"schema":{"@context":"https:\/\/schema.org","@graph":[{"@type":"WebPage","@id":"https:\/\/www.oreedesvignes.com\/en\/localisation\/","url":"https:\/\/www.oreedesvignes.com\/en\/localisation\/","name":"Localisation - Or\u00e9e des Vignes","isPartOf":{"@id":"https:\/\/www.oreedesvignes.com\/en\/#website"},"datePublished":"2022-04-20T17:31:06+00:00","dateModified":"2022-07-26T13:40:42+00:00","breadcrumb":{"@id":"https:\/\/www.oreedesvignes.com\/en\/localisation\/#breadcrumb"},"inLanguage":"en-US","potentialAction":[{"@type":"ReadAction","target":["https:\/\/www.oreedesvignes.com\/en\/localisation\/"]}]},{"@type":"BreadcrumbList","@id":"https:\/\/www.oreedesvignes.com\/en\/localisation\/#breadcrumb","itemListElement":[{"@type":"ListItem","position":1,"name":"Accueil","item":"https:\/\/www.oreedesvignes.com\/en\/"},{"@type":"ListItem","position":2,"name":"Localisation"}]},{"@type":"WebSite","@id":"https:\/\/www.oreedesvignes.com\/en\/#website","url":"https:\/\/www.oreedesvignes.com\/en\/","name":"Or\u00e9e des Vignes","description":"Un site utilisant ms.decms.eu","potentialAction":[{"@type":"SearchAction","target":{"@type":"EntryPoint","urlTemplate":"https:\/\/www.oreedesvignes.com\/en\/?s={search_term_string}"},"query-input":{"@type":"PropertyValueSpecification","valueRequired":true,"valueName":"search_term_string"}}],"inLanguage":"en-US"}]}},"acf":[],"_links":{"self":[{"href":"https:\/\/www.oreedesvignes.com\/en\/wp-json\/wp\/v2\/pages\/192","targetHints":{"allow":["GET"]}}],"collection":[{"href":"https:\/\/www.oreedesvignes.com\/en\/wp-json\/wp\/v2\/pages"}],"about":[{"href":"https:\/\/www.oreedesvignes.com\/en\/wp-json\/wp\/v2\/types\/page"}],"author":[{"embeddable":true,"href":"https:\/\/www.oreedesvignes.com\/en\/wp-json\/wp\/v2\/users\/5"}],"replies":[{"embeddable":true,"href":"https:\/\/www.oreedesvignes.com\/en\/wp-json\/wp\/v2\/comments?post=192"}],"version-history":[{"count":0,"href":"https:\/\/www.oreedesvignes.com\/en\/wp-json\/wp\/v2\/pages\/192\/revisions"}],"wp:attachment":[{"href":"https:\/\/www.oreedesvignes.com\/en\/wp-json\/wp\/v2\/media?parent=192"}],"curies":[{"name":"wp","href":"https:\/\/api.w.org\/{rel}","templated":true}]}}