{"id":677,"date":"2025-01-27T16:30:14","date_gmt":"2025-01-27T15:30:14","guid":{"rendered":"https:\/\/www.oreedesvignes.com\/?page_id=677"},"modified":"2025-01-27T16:33:30","modified_gmt":"2025-01-27T15:33:30","slug":"valentines-day-menu-2","status":"publish","type":"page","link":"https:\/\/www.oreedesvignes.com\/en\/news\/valentines-day-menu-2\/","title":{"rendered":"Valentine&#8217;s Day menu"},"content":{"rendered":"<h3 id=\"tw-target-text\" class=\"tw-data-text tw-text-large tw-ta\" dir=\"ltr\" style=\"text-align: center\" data-placeholder=\"Traduction\" data-ved=\"2ahUKEwiYkPG-m5aLAxWPdqQEHbqANpEQ3ewLegQIBxAW\" aria-label=\"Texte traduit\u00a0: \u2728Valentine's Day is fast approaching, treat your Valentine to a gourmet evening\u2728 \u2714\ufe0fSingle menu Friday February 14 evening \u2139\ufe0f&amp; Reservation at 03 80 62 49 77 \/ info@oreedesvignes.com \/ 6 route d\u2019\u00e9pernay in #gillylesciteaux\"><span class=\"Y2IQFc\" lang=\"en\">\u2728Valentine&#8217;s Day is fast approaching, offer to your Valentine a gourmet evening\u2728<\/span><\/h3>\n<p class=\"tw-data-text tw-text-large tw-ta\" dir=\"ltr\" style=\"text-align: center\" data-placeholder=\"Traduction\" data-ved=\"2ahUKEwiYkPG-m5aLAxWPdqQEHbqANpEQ3ewLegQIBxAW\" aria-label=\"Texte traduit\u00a0: \u2728Valentine's Day is fast approaching, treat your Valentine to a gourmet evening\u2728 \u2714\ufe0fSingle menu Friday February 14 evening \u2139\ufe0f&amp; Reservation at 03 80 62 49 77 \/ info@oreedesvignes.com \/ 6 route d\u2019\u00e9pernay in #gillylesciteaux\"><span class=\"Y2IQFc\" lang=\"en\">\u2714\ufe0fSingle menu Friday February 14 evening <\/span><\/p>\n<p class=\"tw-data-text tw-text-large tw-ta\" dir=\"ltr\" style=\"text-align: center\" data-placeholder=\"Traduction\" data-ved=\"2ahUKEwiYkPG-m5aLAxWPdqQEHbqANpEQ3ewLegQIBxAW\" aria-label=\"Texte traduit\u00a0: \u2728Valentine's Day is fast approaching, treat your Valentine to a gourmet evening\u2728 \u2714\ufe0fSingle menu Friday February 14 evening \u2139\ufe0f&amp; Reservation at 03 80 62 49 77 \/ info@oreedesvignes.com \/ 6 route d\u2019\u00e9pernay in #gillylesciteaux\"><span class=\"Y2IQFc\" lang=\"en\">\u2139\ufe0f&amp; Reservation at 03 80 62 49 77 \/ info@oreedesvignes.com \/ 6 route d\u2019\u00e9pernay in Gilly-l\u00e8s-C\u00eeteaux<\/span><\/p>\n<p dir=\"ltr\" data-placeholder=\"Traduction\" data-ved=\"2ahUKEwiYkPG-m5aLAxWPdqQEHbqANpEQ3ewLegQIBxAW\" aria-label=\"Texte traduit\u00a0: \u2728Valentine's Day is fast approaching, treat your Valentine to a gourmet evening\u2728 \u2714\ufe0fSingle menu Friday February 14 evening \u2139\ufe0f&amp; Reservation at 03 80 62 49 77 \/ info@oreedesvignes.com \/ 6 route d\u2019\u00e9pernay in #gillylesciteaux\"><img loading=\"lazy\" decoding=\"async\" class=\"aligncenter wp-image-678 size-large\" src=\"https:\/\/www.oreedesvignes.com\/wp-content\/uploads\/sites\/438\/2025\/01\/Bistrot-de-lO-6-route-depernay-21640-Gilly-les-Citeaux-03-80-62-49-77-ou-info@oreedesvignes.com_-724x1024.png\" alt=\"\" width=\"724\" height=\"1024\" srcset=\"https:\/\/www.oreedesvignes.com\/wp-content\/uploads\/sites\/438\/2025\/01\/Bistrot-de-lO-6-route-depernay-21640-Gilly-les-Citeaux-03-80-62-49-77-ou-info@oreedesvignes.com_-724x1024.png 724w, https:\/\/www.oreedesvignes.com\/wp-content\/uploads\/sites\/438\/2025\/01\/Bistrot-de-lO-6-route-depernay-21640-Gilly-les-Citeaux-03-80-62-49-77-ou-info@oreedesvignes.com_-212x300.png 212w, https:\/\/www.oreedesvignes.com\/wp-content\/uploads\/sites\/438\/2025\/01\/Bistrot-de-lO-6-route-depernay-21640-Gilly-les-Citeaux-03-80-62-49-77-ou-info@oreedesvignes.com_-768x1086.png 768w, https:\/\/www.oreedesvignes.com\/wp-content\/uploads\/sites\/438\/2025\/01\/Bistrot-de-lO-6-route-depernay-21640-Gilly-les-Citeaux-03-80-62-49-77-ou-info@oreedesvignes.com_-1086x1536.png 1086w, https:\/\/www.oreedesvignes.com\/wp-content\/uploads\/sites\/438\/2025\/01\/Bistrot-de-lO-6-route-depernay-21640-Gilly-les-Citeaux-03-80-62-49-77-ou-info@oreedesvignes.com_-600x849.png 600w, https:\/\/www.oreedesvignes.com\/wp-content\/uploads\/sites\/438\/2025\/01\/Bistrot-de-lO-6-route-depernay-21640-Gilly-les-Citeaux-03-80-62-49-77-ou-info@oreedesvignes.com_-1000x1415.png 1000w, https:\/\/www.oreedesvignes.com\/wp-content\/uploads\/sites\/438\/2025\/01\/Bistrot-de-lO-6-route-depernay-21640-Gilly-les-Citeaux-03-80-62-49-77-ou-info@oreedesvignes.com_.png 1131w\" sizes=\"auto, (max-width: 724px) 100vw, 724px\" \/><\/p>\n","protected":false},"excerpt":{"rendered":"<p>\u2728Valentine&#8217;s Day is fast approaching, offer to your Valentine a gourmet evening\u2728 \u2714\ufe0fSingle menu Friday February 14 evening \u2139\ufe0f&amp; Reservation at 03 80 62 49 77 \/ info@oreedesvignes.com \/ 6 route d\u2019\u00e9pernay in Gilly-l\u00e8s-C\u00eeteaux<\/p>\n","protected":false},"author":501,"featured_media":0,"parent":176,"menu_order":0,"comment_status":"closed","ping_status":"closed","template":"","meta":{"footnotes":""},"class_list":["post-677","page","type-page","status-publish","hentry"],"yoast_head":"<!-- This site is optimized with the Yoast SEO plugin v26.9 - https:\/\/yoast.com\/product\/yoast-seo-wordpress\/ -->\n<title>Valentine&#039;s Day menu - Or\u00e9e des Vignes<\/title>\n<meta name=\"robots\" content=\"index, follow, max-snippet:-1, max-image-preview:large, max-video-preview:-1\" \/>\n<link rel=\"canonical\" href=\"https:\/\/www.oreedesvignes.com\/en\/news\/valentines-day-menu-2\/\" \/>\n<meta property=\"og:locale\" content=\"en_US\" \/>\n<meta property=\"og:type\" content=\"article\" \/>\n<meta property=\"og:title\" content=\"Valentine&#039;s Day menu - Or\u00e9e des Vignes\" \/>\n<meta property=\"og:description\" content=\"\u2728Valentine&#8217;s Day is fast approaching, offer to your Valentine a gourmet evening\u2728 \u2714\ufe0fSingle menu Friday February 14 evening \u2139\ufe0f&amp; Reservation at 03 80 62 49 77 \/ info@oreedesvignes.com \/ 6 route d\u2019\u00e9pernay in Gilly-l\u00e8s-C\u00eeteaux\" \/>\n<meta property=\"og:url\" content=\"https:\/\/www.oreedesvignes.com\/en\/news\/valentines-day-menu-2\/\" \/>\n<meta property=\"og:site_name\" content=\"Or\u00e9e des Vignes\" \/>\n<meta property=\"article:modified_time\" content=\"2025-01-27T15:33:30+00:00\" \/>\n<meta property=\"og:image\" content=\"https:\/\/www.oreedesvignes.com\/wp-content\/uploads\/sites\/438\/2025\/01\/Bistrot-de-lO-6-route-depernay-21640-Gilly-les-Citeaux-03-80-62-49-77-ou-info@oreedesvignes.com_-724x1024.png\" \/>\n<meta name=\"twitter:card\" content=\"summary_large_image\" \/>\n<script type=\"application\/ld+json\" class=\"yoast-schema-graph\">{\"@context\":\"https:\/\/schema.org\",\"@graph\":[{\"@type\":\"WebPage\",\"@id\":\"https:\/\/www.oreedesvignes.com\/en\/news\/valentines-day-menu-2\/\",\"url\":\"https:\/\/www.oreedesvignes.com\/en\/news\/valentines-day-menu-2\/\",\"name\":\"Valentine's Day menu - Or\u00e9e des Vignes\",\"isPartOf\":{\"@id\":\"https:\/\/www.oreedesvignes.com\/en\/#website\"},\"primaryImageOfPage\":{\"@id\":\"https:\/\/www.oreedesvignes.com\/en\/news\/valentines-day-menu-2\/#primaryimage\"},\"image\":{\"@id\":\"https:\/\/www.oreedesvignes.com\/en\/news\/valentines-day-menu-2\/#primaryimage\"},\"thumbnailUrl\":\"https:\/\/www.oreedesvignes.com\/wp-content\/uploads\/sites\/438\/2025\/01\/Bistrot-de-lO-6-route-depernay-21640-Gilly-les-Citeaux-03-80-62-49-77-ou-info@oreedesvignes.com_-724x1024.png\",\"datePublished\":\"2025-01-27T15:30:14+00:00\",\"dateModified\":\"2025-01-27T15:33:30+00:00\",\"breadcrumb\":{\"@id\":\"https:\/\/www.oreedesvignes.com\/en\/news\/valentines-day-menu-2\/#breadcrumb\"},\"inLanguage\":\"en-US\",\"potentialAction\":[{\"@type\":\"ReadAction\",\"target\":[\"https:\/\/www.oreedesvignes.com\/en\/news\/valentines-day-menu-2\/\"]}]},{\"@type\":\"ImageObject\",\"inLanguage\":\"en-US\",\"@id\":\"https:\/\/www.oreedesvignes.com\/en\/news\/valentines-day-menu-2\/#primaryimage\",\"url\":\"https:\/\/www.oreedesvignes.com\/wp-content\/uploads\/sites\/438\/2025\/01\/Bistrot-de-lO-6-route-depernay-21640-Gilly-les-Citeaux-03-80-62-49-77-ou-info@oreedesvignes.com_-724x1024.png\",\"contentUrl\":\"https:\/\/www.oreedesvignes.com\/wp-content\/uploads\/sites\/438\/2025\/01\/Bistrot-de-lO-6-route-depernay-21640-Gilly-les-Citeaux-03-80-62-49-77-ou-info@oreedesvignes.com_-724x1024.png\"},{\"@type\":\"BreadcrumbList\",\"@id\":\"https:\/\/www.oreedesvignes.com\/en\/news\/valentines-day-menu-2\/#breadcrumb\",\"itemListElement\":[{\"@type\":\"ListItem\",\"position\":1,\"name\":\"Accueil\",\"item\":\"https:\/\/www.oreedesvignes.com\/en\/\"},{\"@type\":\"ListItem\",\"position\":2,\"name\":\"News\",\"item\":\"https:\/\/www.oreedesvignes.com\/en\/news\/\"},{\"@type\":\"ListItem\",\"position\":3,\"name\":\"Valentine&rsquo;s Day menu\"}]},{\"@type\":\"WebSite\",\"@id\":\"https:\/\/www.oreedesvignes.com\/en\/#website\",\"url\":\"https:\/\/www.oreedesvignes.com\/en\/\",\"name\":\"Or\u00e9e des Vignes\",\"description\":\"Un site utilisant ms.decms.eu\",\"potentialAction\":[{\"@type\":\"SearchAction\",\"target\":{\"@type\":\"EntryPoint\",\"urlTemplate\":\"https:\/\/www.oreedesvignes.com\/en\/?s={search_term_string}\"},\"query-input\":{\"@type\":\"PropertyValueSpecification\",\"valueRequired\":true,\"valueName\":\"search_term_string\"}}],\"inLanguage\":\"en-US\"}]}<\/script>\n<!-- \/ Yoast SEO plugin. -->","yoast_head_json":{"title":"Valentine's Day menu - Or\u00e9e des Vignes","robots":{"index":"index","follow":"follow","max-snippet":"max-snippet:-1","max-image-preview":"max-image-preview:large","max-video-preview":"max-video-preview:-1"},"canonical":"https:\/\/www.oreedesvignes.com\/en\/news\/valentines-day-menu-2\/","og_locale":"en_US","og_type":"article","og_title":"Valentine's Day menu - Or\u00e9e des Vignes","og_description":"\u2728Valentine&#8217;s Day is fast approaching, offer to your Valentine a gourmet evening\u2728 \u2714\ufe0fSingle menu Friday February 14 evening \u2139\ufe0f&amp; Reservation at 03 80 62 49 77 \/ info@oreedesvignes.com \/ 6 route d\u2019\u00e9pernay in Gilly-l\u00e8s-C\u00eeteaux","og_url":"https:\/\/www.oreedesvignes.com\/en\/news\/valentines-day-menu-2\/","og_site_name":"Or\u00e9e des Vignes","article_modified_time":"2025-01-27T15:33:30+00:00","og_image":[{"url":"https:\/\/www.oreedesvignes.com\/wp-content\/uploads\/sites\/438\/2025\/01\/Bistrot-de-lO-6-route-depernay-21640-Gilly-les-Citeaux-03-80-62-49-77-ou-info@oreedesvignes.com_-724x1024.png","type":"","width":"","height":""}],"twitter_card":"summary_large_image","schema":{"@context":"https:\/\/schema.org","@graph":[{"@type":"WebPage","@id":"https:\/\/www.oreedesvignes.com\/en\/news\/valentines-day-menu-2\/","url":"https:\/\/www.oreedesvignes.com\/en\/news\/valentines-day-menu-2\/","name":"Valentine's Day menu - Or\u00e9e des Vignes","isPartOf":{"@id":"https:\/\/www.oreedesvignes.com\/en\/#website"},"primaryImageOfPage":{"@id":"https:\/\/www.oreedesvignes.com\/en\/news\/valentines-day-menu-2\/#primaryimage"},"image":{"@id":"https:\/\/www.oreedesvignes.com\/en\/news\/valentines-day-menu-2\/#primaryimage"},"thumbnailUrl":"https:\/\/www.oreedesvignes.com\/wp-content\/uploads\/sites\/438\/2025\/01\/Bistrot-de-lO-6-route-depernay-21640-Gilly-les-Citeaux-03-80-62-49-77-ou-info@oreedesvignes.com_-724x1024.png","datePublished":"2025-01-27T15:30:14+00:00","dateModified":"2025-01-27T15:33:30+00:00","breadcrumb":{"@id":"https:\/\/www.oreedesvignes.com\/en\/news\/valentines-day-menu-2\/#breadcrumb"},"inLanguage":"en-US","potentialAction":[{"@type":"ReadAction","target":["https:\/\/www.oreedesvignes.com\/en\/news\/valentines-day-menu-2\/"]}]},{"@type":"ImageObject","inLanguage":"en-US","@id":"https:\/\/www.oreedesvignes.com\/en\/news\/valentines-day-menu-2\/#primaryimage","url":"https:\/\/www.oreedesvignes.com\/wp-content\/uploads\/sites\/438\/2025\/01\/Bistrot-de-lO-6-route-depernay-21640-Gilly-les-Citeaux-03-80-62-49-77-ou-info@oreedesvignes.com_-724x1024.png","contentUrl":"https:\/\/www.oreedesvignes.com\/wp-content\/uploads\/sites\/438\/2025\/01\/Bistrot-de-lO-6-route-depernay-21640-Gilly-les-Citeaux-03-80-62-49-77-ou-info@oreedesvignes.com_-724x1024.png"},{"@type":"BreadcrumbList","@id":"https:\/\/www.oreedesvignes.com\/en\/news\/valentines-day-menu-2\/#breadcrumb","itemListElement":[{"@type":"ListItem","position":1,"name":"Accueil","item":"https:\/\/www.oreedesvignes.com\/en\/"},{"@type":"ListItem","position":2,"name":"News","item":"https:\/\/www.oreedesvignes.com\/en\/news\/"},{"@type":"ListItem","position":3,"name":"Valentine&rsquo;s Day menu"}]},{"@type":"WebSite","@id":"https:\/\/www.oreedesvignes.com\/en\/#website","url":"https:\/\/www.oreedesvignes.com\/en\/","name":"Or\u00e9e des Vignes","description":"Un site utilisant ms.decms.eu","potentialAction":[{"@type":"SearchAction","target":{"@type":"EntryPoint","urlTemplate":"https:\/\/www.oreedesvignes.com\/en\/?s={search_term_string}"},"query-input":{"@type":"PropertyValueSpecification","valueRequired":true,"valueName":"search_term_string"}}],"inLanguage":"en-US"}]}},"acf":[],"_links":{"self":[{"href":"https:\/\/www.oreedesvignes.com\/en\/wp-json\/wp\/v2\/pages\/677","targetHints":{"allow":["GET"]}}],"collection":[{"href":"https:\/\/www.oreedesvignes.com\/en\/wp-json\/wp\/v2\/pages"}],"about":[{"href":"https:\/\/www.oreedesvignes.com\/en\/wp-json\/wp\/v2\/types\/page"}],"author":[{"embeddable":true,"href":"https:\/\/www.oreedesvignes.com\/en\/wp-json\/wp\/v2\/users\/501"}],"replies":[{"embeddable":true,"href":"https:\/\/www.oreedesvignes.com\/en\/wp-json\/wp\/v2\/comments?post=677"}],"version-history":[{"count":0,"href":"https:\/\/www.oreedesvignes.com\/en\/wp-json\/wp\/v2\/pages\/677\/revisions"}],"up":[{"embeddable":true,"href":"https:\/\/www.oreedesvignes.com\/en\/wp-json\/wp\/v2\/pages\/176"}],"wp:attachment":[{"href":"https:\/\/www.oreedesvignes.com\/en\/wp-json\/wp\/v2\/media?parent=677"}],"curies":[{"name":"wp","href":"https:\/\/api.w.org\/{rel}","templated":true}]}}